{"id":11691,"date":"2024-11-19T15:10:44","date_gmt":"2024-11-19T13:10:44","guid":{"rendered":"https:\/\/unismartgroup.com\/?post_type=product&#038;p=11691"},"modified":"2025-12-17T13:53:12","modified_gmt":"2025-12-17T11:53:12","slug":"90-minutes","status":"publish","type":"product","link":"https:\/\/unismartgroup.com\/fr\/produit\/90-minutes\/","title":{"rendered":"90 Minutes"},"content":{"rendered":"<h4>90 Minutes<\/h4>\n<p><strong>Les ingr\u00e9dients<\/strong><\/p>\n<ul>\n<li>Un m\u00e9lange d\u2019extraits d\u2019herbes et d\u2019huiles naturelles (huile de clou de girofle \u2013 huile de fenugrec \u2013 extrait de gingembre \u2013 extrait de muscade \u2013 extrait de clou de girofle).<\/li>\n<\/ul>\n<p><strong>Mode d\u2019emploi:<\/strong><\/p>\n<ul>\n<li>Prenez une petite quantit\u00e9 de cr\u00e8me et appliquez-la sur la partie circulaire et pro\u00e9minente \u00e0 l\u2019avant du p\u00e9nis.<\/li>\n<li>Laissez-le agir pendant environ 15 minutes jusqu\u2019\u00e0 absorption compl\u00e8te.<\/li>\n<li>Lavez la zone avec de l\u2019eau et du savon.<\/li>\n<li>Apr\u00e8s une heure, le produit atteint son effet d\u00e9sir\u00e9.<\/li>\n<li>L\u2019effet dure environ 10 heures.<\/li>\n<\/ul>\n<p><strong>Bienfaits du produit<\/strong><\/p>\n<ul>\n<li>Augmente le flux sanguin vers la zone g\u00e9nitale masculine.<\/li>\n<li>Prolonge la dur\u00e9e des rapports sexuels \u00e0 environ 60\u201390 minutes.<\/li>\n<li>Ne contient aucune substance narcotique ou chimique.<\/li>\n<li>Tr\u00e8s efficace en cas d\u2019\u00e9jaculation pr\u00e9coce.<\/li>\n<li>Am\u00e9liore l\u2019intimit\u00e9 \u0628\u064a\u0646 les partenaires et procure une sensation de plaisir.<\/li>\n<\/ul>\n<p><strong>Attention<\/strong><\/p>\n<ul>\n<li>Pour usage externe uniquement.<\/li>\n<li>Utilisez une petite quantit\u00e9 de cr\u00e8me.<\/li>\n<\/ul>\n","protected":false},"excerpt":{"rendered":"<p>90 Minutes Les ingr\u00e9dients Un m\u00e9lange d\u2019extraits d\u2019herbes et d\u2019huiles naturelles (huile de clou de girofle \u2013 huile de fenugrec \u2013 extrait de gingembre \u2013 extrait<span class=\"excerpt-hellip\"> [\u2026]<\/span><\/p>\n","protected":false},"featured_media":9457,"template":"","meta":{"_acf_changed":false},"product_brand":[],"product_cat":[87,61],"product_tag":[],"class_list":{"0":"post-11691","1":"product","2":"type-product","3":"status-publish","4":"has-post-thumbnail","6":"product_cat-produits-de-sante-pour-hommes","7":"product_cat-tout","9":"first","10":"instock","11":"sale","12":"shipping-taxable","13":"purchasable","14":"product-type-simple"},"acf":[],"_links":{"self":[{"href":"https:\/\/unismartgroup.com\/fr\/wp-json\/wp\/v2\/product\/11691","targetHints":{"allow":["GET"]}}],"collection":[{"href":"https:\/\/unismartgroup.com\/fr\/wp-json\/wp\/v2\/product"}],"about":[{"href":"https:\/\/unismartgroup.com\/fr\/wp-json\/wp\/v2\/types\/product"}],"wp:featuredmedia":[{"embeddable":true,"href":"https:\/\/unismartgroup.com\/fr\/wp-json\/wp\/v2\/media\/9457"}],"wp:attachment":[{"href":"https:\/\/unismartgroup.com\/fr\/wp-json\/wp\/v2\/media?parent=11691"}],"wp:term":[{"taxonomy":"product_brand","embeddable":true,"href":"https:\/\/unismartgroup.com\/fr\/wp-json\/wp\/v2\/product_brand?post=11691"},{"taxonomy":"product_cat","embeddable":true,"href":"https:\/\/unismartgroup.com\/fr\/wp-json\/wp\/v2\/product_cat?post=11691"},{"taxonomy":"product_tag","embeddable":true,"href":"https:\/\/unismartgroup.com\/fr\/wp-json\/wp\/v2\/product_tag?post=11691"}],"curies":[{"name":"wp","href":"https:\/\/api.w.org\/{rel}","templated":true}]}}