{"id":11765,"date":"2023-02-06T09:09:13","date_gmt":"2023-02-06T07:09:13","guid":{"rendered":"https:\/\/unismartgroup.com\/?post_type=product&#038;p=11765"},"modified":"2025-12-23T14:13:16","modified_gmt":"2025-12-23T12:13:16","slug":"cire-dabeille","status":"publish","type":"product","link":"https:\/\/unismartgroup.com\/fr\/produit\/cire-dabeille\/","title":{"rendered":"Cire d\u2019abeille"},"content":{"rendered":"<ul>\n<li style=\"list-style-type: none;\">\n<ul>\n<li>Un antioxydant naturel et une source imm\u00e9diate d\u2019\u00e9nergie<\/li>\n<li>R\u00e9duit le taux de mauvais cholest\u00e9rol (LDL) et augmente le niveau du bon cholest\u00e9rol (HDL)<\/li>\n<li>Il prot\u00e8ge le foie et traite les sympt\u00f4mes manifestes chez les patients atteints de cirrhose du foie<\/li>\n<li>Dilate les vaisseaux sanguins proches du c\u0153ur et r\u00e9duit le risque de formation de caillots<\/li>\n<li>Il stimule la relaxation musculaire et favorise leur croissance<\/li>\n<li>Car il contient une teneur \u00e9lev\u00e9e en vitamine A, ce qui est tr\u00e8s b\u00e9n\u00e9fique pour hydrater la peau<\/li>\n<li>Il aide efficacement \u00e0 stimuler la production de collag\u00e8ne au niveau des zones de vergetures, ce qui r\u00e9duit consid\u00e9rablement leur apparence<\/li>\n<li>Il favorise l\u2019augmentation et le d\u00e9veloppement du tissu caverneux du p\u00e9nis d\u00e8s une semaine d\u2019utilisation r\u00e9guli\u00e8re<\/li>\n<li>Il traite la constipation et les ballonnements associ\u00e9s \u00e0 la colite, stimule l\u2019estomac et favorise une digestion rapide<\/li>\n<li>Expectorant et dilatateur des bronches<\/li>\n<\/ul>\n<\/li>\n<\/ul>\n<p><strong>Poids net :<\/strong><br \/>\nEmballage plastique de 500 grammes<\/p>\n<p><strong>Attention:<\/strong><\/p>\n<p>La cire naturelle fond facilement dans la bouche et est facile \u00e0 avaler<\/p>\n<div id=\"simple-translate\" class=\"simple-translate-system-theme\">\n<div>\n<div class=\"simple-translate-button isShow lazyload\" style=\"background-image:inherit; height: 22px; width: 22px; top: 409px; left: 138px;\" data-bg-image=\"url(&#039;chrome-extension:\/\/ibplnjkanclpjokhdolnendpplpjiace\/icons\/512.png&#039;)\"><\/div>\n<div class=\"simple-translate-panel \" style=\"width: 300px; height: 200px; top: 0px; left: 0px; font-size: 13px;\">\n<div class=\"simple-translate-result-wrapper\" style=\"overflow: hidden;\">\n<div class=\"simple-translate-move\" draggable=\"true\"><\/div>\n<div class=\"simple-translate-result-contents\">\n<p class=\"simple-translate-result\" dir=\"auto\">\n<p class=\"simple-translate-candidate\" dir=\"auto\">\n<\/div>\n<\/div>\n<\/div>\n<\/div>\n<\/div>\n","protected":false},"excerpt":{"rendered":"<p>Un antioxydant naturel et une source imm\u00e9diate d\u2019\u00e9nergie R\u00e9duit le taux de mauvais cholest\u00e9rol (LDL) et augmente le niveau du bon cholest\u00e9rol (HDL) Il prot\u00e8ge le<span class=\"excerpt-hellip\"> [\u2026]<\/span><\/p>\n","protected":false},"featured_media":11756,"template":"","meta":{"_acf_changed":false},"product_brand":[],"product_cat":[54,93,64,62,61],"product_tag":[],"class_list":{"0":"post-11765","1":"product","2":"type-product","3":"status-publish","4":"has-post-thumbnail","6":"product_cat-femmes","7":"product_cat-miel-naturel","8":"product_cat-hommes-45","9":"product_cat-vitalite","10":"product_cat-tout","12":"first","13":"instock","14":"sale","15":"shipping-taxable","16":"purchasable","17":"product-type-simple"},"acf":[],"_links":{"self":[{"href":"https:\/\/unismartgroup.com\/fr\/wp-json\/wp\/v2\/product\/11765","targetHints":{"allow":["GET"]}}],"collection":[{"href":"https:\/\/unismartgroup.com\/fr\/wp-json\/wp\/v2\/product"}],"about":[{"href":"https:\/\/unismartgroup.com\/fr\/wp-json\/wp\/v2\/types\/product"}],"wp:featuredmedia":[{"embeddable":true,"href":"https:\/\/unismartgroup.com\/fr\/wp-json\/wp\/v2\/media\/11756"}],"wp:attachment":[{"href":"https:\/\/unismartgroup.com\/fr\/wp-json\/wp\/v2\/media?parent=11765"}],"wp:term":[{"taxonomy":"product_brand","embeddable":true,"href":"https:\/\/unismartgroup.com\/fr\/wp-json\/wp\/v2\/product_brand?post=11765"},{"taxonomy":"product_cat","embeddable":true,"href":"https:\/\/unismartgroup.com\/fr\/wp-json\/wp\/v2\/product_cat?post=11765"},{"taxonomy":"product_tag","embeddable":true,"href":"https:\/\/unismartgroup.com\/fr\/wp-json\/wp\/v2\/product_tag?post=11765"}],"curies":[{"name":"wp","href":"https:\/\/api.w.org\/{rel}","templated":true}]}}