{"id":11798,"date":"2022-12-27T09:24:27","date_gmt":"2022-12-27T09:24:27","guid":{"rendered":"https:\/\/unismartgroup.com\/?post_type=product&#038;p=11798"},"modified":"2025-12-23T17:10:07","modified_gmt":"2025-12-23T15:10:07","slug":"miel-aux-fruits-secs","status":"publish","type":"product","link":"https:\/\/unismartgroup.com\/fr\/produit\/miel-aux-fruits-secs\/","title":{"rendered":"Miel aux fruits secs"},"content":{"rendered":"<p>Bienfaits du produit:<\/p>\n<ul>\n<li>Antioxydant naturel et source imm\u00e9diate d\u2019\u00e9nergie .<\/li>\n<li>Contient des om\u00e9ga-3 et des om\u00e9ga-6, b\u00e9n\u00e9fiques pour la sant\u00e9 du cerveau .<\/li>\n<li>Am\u00e9liore le fonctionnement du syst\u00e8me immunitaire et augmente sa vitalit\u00e9 .<\/li>\n<li>Satisfait l\u2019envie de consommer des douceurs sans ajout de sucre raffin\u00e9 nocif.<\/li>\n<li>Renforce le syst\u00e8me immunitaire gr\u00e2ce \u00e0 sa teneur en zinc et en magn\u00e9sium, maintenant l\u2019organisme en \u00e9tat de vigilance constante .<\/li>\n<li>Am\u00e9liore la sant\u00e9 de la paroi des art\u00e8res et r\u00e9duit les niveaux d\u2019inflammation associ\u00e9s aux maladies cardiaques .<\/li>\n<li>La consommation de trois cuill\u00e8res du produit contribue \u00e0 augmenter de mani\u00e8re significative le taux d\u2019oxyde nitrique, une substance pr\u00e9sente dans le sang chez l\u2019homme, ce qui favorise l\u2019augmentation du taux de testost\u00e9rone .<\/li>\n<li>Augmente la vitalit\u00e9 et aide \u00e0 pr\u00e9venir les carences en vitamines .<\/li>\n<li>Les fibres alimentaires pr\u00e9sentes dans le produit n\u00e9cessitent plusieurs heures pour \u00eatre dig\u00e9r\u00e9es, prolongeant la sensation de sati\u00e9t\u00e9 et apportant des glucides \u00e0 l\u2019organisme .<\/li>\n<li>Contient une forte proportion de graisses saines insatur\u00e9es, contribuant au maintien de la masse et de la densit\u00e9 musculaires.<\/li>\n<li>Am\u00e9liore la sant\u00e9 sexuelle et la fertilit\u00e9 chez les hommes et les femmes .<\/li>\n<li>Am\u00e9liore le m\u00e9tabolisme, r\u00e9duisant ainsi le risque de diab\u00e8te .<\/li>\n<li>Am\u00e9liore la r\u00e9gulation du taux de sucre dans le sang .<\/li>\n<li>Contribue \u00e0 r\u00e9duire le risque de maladies cardiaques et d\u2019hypertension art\u00e9rielle .<\/li>\n<li>Favorise l\u2019intelligence et la capacit\u00e9 de concentration .<\/li>\n<li>Contient des antioxydants naturels qui r\u00e9duisent le risque de cancer .<\/li>\n<\/ul>\n<p><strong>Ingr\u00e9dients:<\/strong><\/p>\n<p>Miel naturel enrichi de fruits secs (noix de cajou \u2013 noisettes \u2013 noix \u2013 amandes)<\/p>\n<p><strong>Poids net:<\/strong><br \/>\nEmballage en verre de 500 grammes .<\/p>\n<div id=\"simple-translate\" class=\"simple-translate-system-theme\">\n<div>\n<div class=\"simple-translate-button isShow lazyload\" style=\"background-image:inherit; height: 22px; width: 22px; top: 619px; left: 114px;\" data-bg-image=\"url(&#039;chrome-extension:\/\/ibplnjkanclpjokhdolnendpplpjiace\/icons\/512.png&#039;)\"><\/div>\n<div class=\"simple-translate-panel \" style=\"width: 300px; height: 200px; top: 0px; left: 0px; font-size: 13px;\">\n<div class=\"simple-translate-result-wrapper\" style=\"overflow: hidden;\">\n<div class=\"simple-translate-move\" draggable=\"true\"><\/div>\n<div class=\"simple-translate-result-contents\">\n<p class=\"simple-translate-result\" dir=\"auto\">\n<p class=\"simple-translate-candidate\" dir=\"auto\">\n<\/div>\n<\/div>\n<\/div>\n<\/div>\n<\/div>\n","protected":false},"excerpt":{"rendered":"<p>Bienfaits du produit: Antioxydant naturel et source imm\u00e9diate d\u2019\u00e9nergie . Contient des om\u00e9ga-3 et des om\u00e9ga-6, b\u00e9n\u00e9fiques pour la sant\u00e9 du cerveau . Am\u00e9liore le fonctionnement<span class=\"excerpt-hellip\"> [\u2026]<\/span><\/p>\n","protected":false},"featured_media":11790,"template":"","meta":{"_acf_changed":false},"product_brand":[],"product_cat":[85,63,62,83],"product_tag":[],"class_list":{"0":"post-11798","1":"product","2":"type-product","3":"status-publish","4":"has-post-thumbnail","6":"product_cat-produits-de-soutien-immunitaire","7":"product_cat-hommes-35","8":"product_cat-vitalite","9":"product_cat-produits-pour-la-famille","11":"first","12":"instock","13":"sale","14":"shipping-taxable","15":"purchasable","16":"product-type-simple"},"acf":[],"_links":{"self":[{"href":"https:\/\/unismartgroup.com\/fr\/wp-json\/wp\/v2\/product\/11798","targetHints":{"allow":["GET"]}}],"collection":[{"href":"https:\/\/unismartgroup.com\/fr\/wp-json\/wp\/v2\/product"}],"about":[{"href":"https:\/\/unismartgroup.com\/fr\/wp-json\/wp\/v2\/types\/product"}],"wp:featuredmedia":[{"embeddable":true,"href":"https:\/\/unismartgroup.com\/fr\/wp-json\/wp\/v2\/media\/11790"}],"wp:attachment":[{"href":"https:\/\/unismartgroup.com\/fr\/wp-json\/wp\/v2\/media?parent=11798"}],"wp:term":[{"taxonomy":"product_brand","embeddable":true,"href":"https:\/\/unismartgroup.com\/fr\/wp-json\/wp\/v2\/product_brand?post=11798"},{"taxonomy":"product_cat","embeddable":true,"href":"https:\/\/unismartgroup.com\/fr\/wp-json\/wp\/v2\/product_cat?post=11798"},{"taxonomy":"product_tag","embeddable":true,"href":"https:\/\/unismartgroup.com\/fr\/wp-json\/wp\/v2\/product_tag?post=11798"}],"curies":[{"name":"wp","href":"https:\/\/api.w.org\/{rel}","templated":true}]}}