{"id":3846,"date":"2023-09-14T08:33:46","date_gmt":"2023-09-14T05:33:46","guid":{"rendered":"https:\/\/unismartgroup.com\/product\/sezar-honey\/"},"modified":"2024-06-04T20:53:26","modified_gmt":"2024-06-04T17:53:26","slug":"sezar-honey","status":"publish","type":"product","link":"https:\/\/unismartgroup.com\/fr\/produit\/sezar-honey\/","title":{"rendered":"Sezar Honey"},"content":{"rendered":"<h5>Sezar Honey<\/h5>\n<ul>\n<li style=\"font-weight: 400;\" aria-level=\"1\"><span style=\"font-weight: 400;\">Antioxydant naturel et source instantan\u00e9e d&rsquo;\u00e9nergie.<\/span><\/li>\n<li style=\"font-weight: 400;\" aria-level=\"1\"><span style=\"font-weight: 400;\">Ce produit agit pour \u00e9quilibrer le coefficient de d\u00e9molition par rapport \u00e0 la construction selon un ratio de 1 pour 1, car il est connu qu&rsquo;avec l&rsquo;avancement de l&rsquo;\u00e2ge, le coefficient de construction des cellules dans le corps diminue, ce qui entra\u00eene l&rsquo;apparition des effets du vieillissement et la faiblesse des diff\u00e9rentes fonctions du corps. pour fonctionner \u00e0 son plein potentiel.<\/span><\/li>\n<li style=\"font-weight: 400;\" aria-level=\"1\"><span style=\"font-weight: 400;\">L&rsquo;utilisation continue r\u00e9guli\u00e8re de ce produit, un sachet tous les deux jours apr\u00e8s l&rsquo;\u00e2ge de 45 ans, pr\u00e9serve chez les hommes toutes leurs fonctions vitales telles qu&rsquo;elles sont, ne montre pas de signes de vieillissement et n&rsquo;est pas affect\u00e9e par l&rsquo;\u00e2ge.<\/span><\/li>\n<li style=\"font-weight: 400;\" aria-level=\"1\"><span style=\"font-weight: 400;\">L&rsquo;augmentation du niveau d&rsquo;hormones masculines conduit \u00e0 la construction appropri\u00e9e des tissus corporels chez les hommes.<\/span><\/li>\n<li style=\"font-weight: 400;\" aria-level=\"1\"><span style=\"font-weight: 400;\">Vitalit\u00e9 de la prostate, augmentation de son efficacit\u00e9 et revitalisation de ses fonctions.<\/span><\/li>\n<li style=\"font-weight: 400;\" aria-level=\"1\"><span style=\"font-weight: 400;\">Le travail sur l&rsquo;augmentation continue du pompage sanguin vers les nerfs p\u00e9riph\u00e9riques minute r\u00e9guli\u00e8rement conduit \u00e0 une activit\u00e9 mentale avanc\u00e9e, \u00e0 l&rsquo;am\u00e9lioration de la capacit\u00e9 visuelle, de la capacit\u00e9 sexuelle, de la fra\u00eecheur de la peau et \u00e0 l&rsquo;expansion des voies respiratoires.<\/span><\/li>\n<li style=\"font-weight: 400;\" aria-level=\"1\"><span style=\"font-weight: 400;\">Un produit qui active les reins, est un diur\u00e9tique et r\u00e9duit le cholest\u00e9rol.<\/span><\/li>\n<li style=\"font-weight: 400;\" aria-level=\"1\"><span style=\"font-weight: 400;\">Il est riche en nombreux min\u00e9raux, tels que le fer, n\u00e9cessaire \u00e0 la fabrication de l&rsquo;h\u00e9moglobine, et le phosphore, n\u00e9cessaire \u00e0 la construction des os.<\/span><\/li>\n<li style=\"font-weight: 400;\" aria-level=\"1\"><span style=\"font-weight: 400;\">Il active le syst\u00e8me nerveux central et assure une repr\u00e9sentation optimale pour la construction et la croissance musculaires, en augmentant les mol\u00e9cules d&rsquo;oxyg\u00e8ne dans les cellules \u00e9nerg\u00e9tiques du syst\u00e8me nerveux, ce qui r\u00e9duit la sensation de fatigue.<\/span><\/li>\n<\/ul>\n<p><strong>Avantages du produit : <\/strong><\/p>\n<ul>\n<li style=\"font-weight: 400;\" aria-level=\"1\"><span style=\"font-weight: 400;\">Renforce l&rsquo;immunit\u00e9.<\/span><\/li>\n<li style=\"font-weight: 400;\" aria-level=\"1\"><span style=\"font-weight: 400;\">Une source imm\u00e9diate d&rsquo;\u00e9nergie.<\/span><\/li>\n<li style=\"font-weight: 400;\" aria-level=\"1\"><span style=\"font-weight: 400;\">Nootropique<\/span><\/li>\n<li style=\"font-weight: 400;\" aria-level=\"1\"><span style=\"font-weight: 400;\">Stimule la croissance des cheveux.<\/span><\/li>\n<li style=\"font-weight: 400;\" aria-level=\"1\"><span style=\"font-weight: 400;\">Am\u00e9liorez votre vue.<\/span><\/li>\n<li style=\"font-weight: 400;\" aria-level=\"1\"><span style=\"font-weight: 400;\">Ralentit et retarde les signes du vieillissement.<\/span><\/li>\n<li style=\"font-weight: 400;\" aria-level=\"1\"><span style=\"font-weight: 400;\">Am\u00e9liore la performance sexuelle et la libido.<\/span><\/li>\n<li style=\"font-weight: 400;\" aria-level=\"1\"><span style=\"font-weight: 400;\">Acc\u00e9l\u00e8re la gu\u00e9rison et la consolidation des os fractur\u00e9s.<\/span><\/li>\n<li style=\"font-weight: 400;\" aria-level=\"1\"><span style=\"font-weight: 400;\">Abaisse le taux de cholest\u00e9rol.<\/span><\/li>\n<li style=\"font-weight: 400;\" aria-level=\"1\"><span style=\"font-weight: 400;\">Soulage les maladies cardiovasculaires.<\/span><\/li>\n<li style=\"font-weight: 400;\" aria-level=\"1\"><span style=\"font-weight: 400;\">Utile pour les patients atteints de maladies du foie et du pancr\u00e9as, et traite les troubles digestifs et les ulc\u00e8res.<\/span><\/li>\n<li style=\"font-weight: 400;\" aria-level=\"1\"><span style=\"font-weight: 400;\">R\u00e9duction de la sensation de fatigue, de faiblesse, d&rsquo;anxi\u00e9t\u00e9 et de perte d&rsquo;app\u00e9tit.<\/span><\/li>\n<li style=\"font-weight: 400;\" aria-level=\"1\"><span style=\"font-weight: 400;\">Augmentation de la r\u00e9ponse sexuelle et du nombre de spermatozo\u00efdes.<\/span><\/li>\n<\/ul>\n<p><strong>Remarque :<\/strong><\/p>\n<p><span style=\"font-weight: 400;\">Le produit est 100% naturel et totalement s\u00fbr pour l&rsquo;estomac. Il est recommand\u00e9 pour une utilisation par les patients diab\u00e9tiques, souffrant de maladies cardiaques et d&rsquo;hypertension, et il n&rsquo;a aucun effet secondaire.<\/span><\/p>\n<p><strong>Poids net :<\/strong><br \/>\nLa bo\u00eete comprend 12 sachets de 18 grammes chacun.<\/p>\n<div id=\"simple-translate\" class=\"simple-translate-system-theme\">\n<div>\n<div class=\"simple-translate-button isShow lazyload\" style=\"background-image:inherit; height: 22px; width: 22px; top: 39px; left: 13px;\" data-bg-image=\"url(&#039;chrome-extension:\/\/cllnohpbfenopiakdcjmjcbaeapmkcdl\/icons\/512.png&#039;)\"><\/div>\n<div class=\"simple-translate-panel \" style=\"width: 300px; height: 200px; top: 0px; left: 0px; font-size: 13px;\">\n<div class=\"simple-translate-result-wrapper\" style=\"overflow: hidden;\">\n<div class=\"simple-translate-move\" draggable=\"true\"><\/div>\n<div class=\"simple-translate-result-contents\">\n<p class=\"simple-translate-candidate\" dir=\"auto\">\n<\/div>\n<\/div>\n<\/div>\n<\/div>\n<\/div>\n","protected":false},"excerpt":{"rendered":"<p>Sezar Honey Antioxydant naturel et source instantan\u00e9e d&rsquo;\u00e9nergie. Ce produit agit pour \u00e9quilibrer le coefficient de d\u00e9molition par rapport \u00e0 la construction selon un ratio de<span class=\"excerpt-hellip\"> [\u2026]<\/span><\/p>\n","protected":false},"featured_media":3832,"template":"","meta":{"_acf_changed":false},"product_brand":[],"product_cat":[79,87,64,62,61],"product_tag":[],"class_list":{"0":"post-3846","1":"product","2":"type-product","3":"status-publish","4":"has-post-thumbnail","6":"product_cat-produits-de-sante-pour-femmes","7":"product_cat-produits-de-sante-pour-hommes","8":"product_cat-hommes-45","9":"product_cat-vitalite","10":"product_cat-tout","12":"first","13":"instock","14":"featured","15":"shipping-taxable","16":"purchasable","17":"product-type-simple"},"acf":[],"_links":{"self":[{"href":"https:\/\/unismartgroup.com\/fr\/wp-json\/wp\/v2\/product\/3846","targetHints":{"allow":["GET"]}}],"collection":[{"href":"https:\/\/unismartgroup.com\/fr\/wp-json\/wp\/v2\/product"}],"about":[{"href":"https:\/\/unismartgroup.com\/fr\/wp-json\/wp\/v2\/types\/product"}],"wp:featuredmedia":[{"embeddable":true,"href":"https:\/\/unismartgroup.com\/fr\/wp-json\/wp\/v2\/media\/3832"}],"wp:attachment":[{"href":"https:\/\/unismartgroup.com\/fr\/wp-json\/wp\/v2\/media?parent=3846"}],"wp:term":[{"taxonomy":"product_brand","embeddable":true,"href":"https:\/\/unismartgroup.com\/fr\/wp-json\/wp\/v2\/product_brand?post=3846"},{"taxonomy":"product_cat","embeddable":true,"href":"https:\/\/unismartgroup.com\/fr\/wp-json\/wp\/v2\/product_cat?post=3846"},{"taxonomy":"product_tag","embeddable":true,"href":"https:\/\/unismartgroup.com\/fr\/wp-json\/wp\/v2\/product_tag?post=3846"}],"curies":[{"name":"wp","href":"https:\/\/api.w.org\/{rel}","templated":true}]}}