{"id":3877,"date":"2022-12-27T09:03:08","date_gmt":"2022-12-27T09:03:08","guid":{"rendered":"https:\/\/unismartgroup.com\/product\/mo-uni-vip\/"},"modified":"2024-06-04T23:49:54","modified_gmt":"2024-06-04T20:49:54","slug":"mo-uni-vip","status":"publish","type":"product","link":"https:\/\/unismartgroup.com\/fr\/produit\/mo-uni-vip\/","title":{"rendered":"Mo Uni &#8211; VIP"},"content":{"rendered":"<ul>\n<li>Un antioxydant naturel et une source instantan\u00e9e d&rsquo;\u00e9nergie<\/li>\n<li>Agissant pour lib\u00e9rer l&rsquo;oxyde nitrique dans les corps caverneux du p\u00e9nis, ce qui entra\u00eene la relaxation des muscles \u00e0 l&rsquo;int\u00e9rieur des corps caverneux du p\u00e9nis, favorisant ainsi une meilleure circulation sanguine vers le p\u00e9nis et maintenant une \u00e9rection.<\/li>\n<li>Il stimule le foie et est un antioxydant naturel et efficace.<\/li>\n<li>Il aide \u00e0 \u00e9liminer les calculs r\u00e9naux et \u00e0 augmenter leur efficacit\u00e9.<\/li>\n<li>Il agit pour renforcer les veines dans le corps et augmenter le flux sanguin, ce qui le rend efficace en tant que stimulant sexuel.<\/li>\n<li>Il a un pourcentage \u00e9lev\u00e9 de fer, ce qui le rend utile dans les cas d&rsquo;an\u00e9mie.<\/li>\n<li>Il agit pour stimuler la lib\u00e9ration de l&rsquo;hormone s\u00e9rotonine dans le cerveau, ce qui aide \u00e0 r\u00e9duire la production d&rsquo;hormones responsables du stress et de la d\u00e9pression.<\/li>\n<li>Il contient des flavono\u00efdes qui agissent pour prot\u00e9ger le corps du risque de dommages cellulaires.<\/li>\n<li>Il am\u00e9liore l&rsquo;efficacit\u00e9 du syst\u00e8me immunitaire et purifie les voies respiratoires dans le syst\u00e8me respiratoire.<\/li>\n<li>Il agit pour augmenter la capacit\u00e9 de concentration en activant les cellules c\u00e9r\u00e9brales.<\/li>\n<li>Il contient du calcium.<\/li>\n<li>Il agit pour soulager le stress.<\/li>\n<li>Le produit est un monosaccharide et est b\u00e9n\u00e9fique pour les personnes diab\u00e9tiques.<\/li>\n<li>Il contient du potassium et du magn\u00e9sium.<\/li>\n<li>Il agit pour r\u00e9duire les gonflements et am\u00e9liorer les r\u00e9actions du syst\u00e8me immunitaire.<\/li>\n<li>Il agit pour augmenter la vitalit\u00e9 et l&rsquo;activit\u00e9 du corps.<\/li>\n<li>Il agit pour r\u00e9duire l&rsquo;effet des triglyc\u00e9rides sur les veines et les art\u00e8res.<\/li>\n<li>Il agit pour augmenter le d\u00e9sir sexuel et stimuler la production de l&rsquo;hormone du d\u00e9sir (testost\u00e9rone).<\/li>\n<\/ul>\n<p><b>Remarque :<\/b><\/p>\n<p><span style=\"font-weight: 400;\">Le produit est un sucre simple et ne cause aucun dommage aux personnes diab\u00e9tiques.<\/span><\/p>\n<p><b>Comment l&rsquo;utiliser :<\/b><\/p>\n<p><span style=\"font-weight: 400;\">Un sachet par jour ou au besoin \u00e0 jeun avec un grand verre d&rsquo;eau.<\/span><\/p>\n<p><strong>Poids net :<\/strong><br \/>\nLa bo\u00eete comprend 12 sachets de 18 grammes chacun.<\/p>\n","protected":false},"excerpt":{"rendered":"<p>Un antioxydant naturel et une source instantan\u00e9e d&rsquo;\u00e9nergie Agissant pour lib\u00e9rer l&rsquo;oxyde nitrique dans les corps caverneux du p\u00e9nis, ce qui entra\u00eene la relaxation des muscles<span class=\"excerpt-hellip\"> [\u2026]<\/span><\/p>\n","protected":false},"featured_media":3878,"template":"","meta":{"_acf_changed":false},"product_brand":[],"product_cat":[87,64,62,61],"product_tag":[],"class_list":{"0":"post-3877","1":"product","2":"type-product","3":"status-publish","4":"has-post-thumbnail","6":"product_cat-produits-de-sante-pour-hommes","7":"product_cat-hommes-45","8":"product_cat-vitalite","9":"product_cat-tout","11":"first","12":"instock","13":"shipping-taxable","14":"purchasable","15":"product-type-simple"},"acf":[],"_links":{"self":[{"href":"https:\/\/unismartgroup.com\/fr\/wp-json\/wp\/v2\/product\/3877","targetHints":{"allow":["GET"]}}],"collection":[{"href":"https:\/\/unismartgroup.com\/fr\/wp-json\/wp\/v2\/product"}],"about":[{"href":"https:\/\/unismartgroup.com\/fr\/wp-json\/wp\/v2\/types\/product"}],"wp:featuredmedia":[{"embeddable":true,"href":"https:\/\/unismartgroup.com\/fr\/wp-json\/wp\/v2\/media\/3878"}],"wp:attachment":[{"href":"https:\/\/unismartgroup.com\/fr\/wp-json\/wp\/v2\/media?parent=3877"}],"wp:term":[{"taxonomy":"product_brand","embeddable":true,"href":"https:\/\/unismartgroup.com\/fr\/wp-json\/wp\/v2\/product_brand?post=3877"},{"taxonomy":"product_cat","embeddable":true,"href":"https:\/\/unismartgroup.com\/fr\/wp-json\/wp\/v2\/product_cat?post=3877"},{"taxonomy":"product_tag","embeddable":true,"href":"https:\/\/unismartgroup.com\/fr\/wp-json\/wp\/v2\/product_tag?post=3877"}],"curies":[{"name":"wp","href":"https:\/\/api.w.org\/{rel}","templated":true}]}}