{"id":3924,"date":"2023-06-19T13:28:40","date_gmt":"2023-06-19T10:28:40","guid":{"rendered":"https:\/\/unismartgroup.com\/product\/vital\/"},"modified":"2024-06-04T23:48:02","modified_gmt":"2024-06-04T20:48:02","slug":"vital","status":"publish","type":"product","link":"https:\/\/unismartgroup.com\/fr\/produit\/vital\/","title":{"rendered":"Vital"},"content":{"rendered":"<ul>\n<li style=\"list-style-type: none;\">\n<ul>\n<li style=\"font-weight: 400;\" aria-level=\"1\"><span style=\"font-weight: 400;\">Antioxydant naturel et source instantan\u00e9e d&rsquo;\u00e9nergie.<\/span><\/li>\n<li style=\"font-weight: 400;\" aria-level=\"1\"><span style=\"font-weight: 400;\">Un m\u00e9lange de miel naturel et de s\u00e9rum de canne \u00e0 sucre est ajout\u00e9 \u00e0 la propolis (le plus puissant antibiotique naturel).<\/span><\/li>\n<li style=\"font-weight: 400;\" aria-level=\"1\"><span style=\"font-weight: 400;\">Une source naturelle de calcium, de fer, de potassium, de magn\u00e9sium et de vitamine B b\u00e9n\u00e9fique pour le corps et la peau car elle contient des antioxydants, de nombreux acides amin\u00e9s, du fer et du phosphore, ce qui en fait un tonique pour le syst\u00e8me immunitaire.<\/span><\/li>\n<li style=\"font-weight: 400;\" aria-level=\"1\"><span style=\"font-weight: 400;\">La diff\u00e9rence entre la propolis et l&rsquo;antibiotique.<\/span><\/li>\n<li style=\"font-weight: 400;\" aria-level=\"1\"><span style=\"font-weight: 400;\">Tout antibiotique, pour fonctionner efficacement, doit d&rsquo;abord affaiblir l&rsquo;immunit\u00e9 et la vitalit\u00e9 du corps afin qu&rsquo;il ne soit pas r\u00e9sistant au corps humain, et c&rsquo;est la raison pour laquelle on ressent des malaises lors de la prise d&rsquo;antibiotiques, car tout antibiotique est fabriqu\u00e9 pour vous. Il est confront\u00e9 \u00e0 un virus sp\u00e9cifique.<\/span><\/li>\n<li style=\"font-weight: 400;\" aria-level=\"1\"><span style=\"font-weight: 400;\">La propolis est tout le contraire, elle est d&rsquo;abord produite par les abeilles, et les abeilles la produisent pour pr\u00e9server la puret\u00e9 de la ruche. Elle est consid\u00e9r\u00e9e comme l&rsquo;antibiotique le plus puissant au monde.<\/span><\/li>\n<li style=\"font-weight: 400;\" aria-level=\"1\"><span style=\"font-weight: 400;\">La propolis active l&rsquo;immunit\u00e9, augmente la vitalit\u00e9 cellulaire et r\u00e9arme l&rsquo;immunit\u00e9 avec l&rsquo;\u00e9nergie n\u00e9cessaire pour faire face aux virus.<\/span><\/li>\n<li style=\"font-weight: 400;\" aria-level=\"1\"><span style=\"font-weight: 400;\">Le produit est sous sa forme actuelle, qui est un m\u00e9lange de miel blanc, de s\u00e9rum de canne \u00e0 sucre (m\u00e9lasse) et de propolis.<\/span><\/li>\n<li style=\"font-weight: 400;\" aria-level=\"1\"><span style=\"font-weight: 400;\">Le produit sous sa forme actuelle est 100% naturel et agit pour augmenter la vitalit\u00e9 et l&rsquo;efficacit\u00e9 du syst\u00e8me immunitaire, ce qui le rend efficace contre tout virus.<\/span><\/li>\n<li style=\"font-weight: 400;\" aria-level=\"1\"><span style=\"font-weight: 400;\">Compl\u00e8tement utile dans les cas d&rsquo;an\u00e9mie car il contient une quantit\u00e9 \u00e9lev\u00e9e de fer pr\u00e9sente dans le produit. Il s&rsquo;agit de fer v\u00e9g\u00e9tal qui ne cause aucun dommage et n&rsquo;a aucune complication.<\/span><\/li>\n<li style=\"font-weight: 400;\" aria-level=\"1\"><span style=\"font-weight: 400;\">Une source imm\u00e9diate d&rsquo;\u00e9nergie.<\/span><\/li>\n<li style=\"font-weight: 400;\" aria-level=\"1\"><span style=\"font-weight: 400;\">Il \u00e9limine les virus de tout type et fournit au corps l&rsquo;\u00e9nergie n\u00e9cessaire pour les fonctions vitales.<\/span><\/li>\n<\/ul>\n<\/li>\n<\/ul>\n<p><strong>Poids net :<\/strong><br \/>\nLa bo\u00eete comprend 35 sachets de 18 grammes chacun.<\/p>\n","protected":false},"excerpt":{"rendered":"<p>Antioxydant naturel et source instantan\u00e9e d&rsquo;\u00e9nergie. Un m\u00e9lange de miel naturel et de s\u00e9rum de canne \u00e0 sucre est ajout\u00e9 \u00e0 la propolis (le plus puissant<span class=\"excerpt-hellip\"> [\u2026]<\/span><\/p>\n","protected":false},"featured_media":3925,"template":"","meta":{"_acf_changed":false},"product_brand":[],"product_cat":[85,62,83,61],"product_tag":[],"class_list":{"0":"post-3924","1":"product","2":"type-product","3":"status-publish","4":"has-post-thumbnail","6":"product_cat-produits-de-soutien-immunitaire","7":"product_cat-vitalite","8":"product_cat-produits-pour-la-famille","9":"product_cat-tout","11":"first","12":"instock","13":"sale","14":"shipping-taxable","15":"purchasable","16":"product-type-simple"},"acf":[],"_links":{"self":[{"href":"https:\/\/unismartgroup.com\/fr\/wp-json\/wp\/v2\/product\/3924","targetHints":{"allow":["GET"]}}],"collection":[{"href":"https:\/\/unismartgroup.com\/fr\/wp-json\/wp\/v2\/product"}],"about":[{"href":"https:\/\/unismartgroup.com\/fr\/wp-json\/wp\/v2\/types\/product"}],"wp:featuredmedia":[{"embeddable":true,"href":"https:\/\/unismartgroup.com\/fr\/wp-json\/wp\/v2\/media\/3925"}],"wp:attachment":[{"href":"https:\/\/unismartgroup.com\/fr\/wp-json\/wp\/v2\/media?parent=3924"}],"wp:term":[{"taxonomy":"product_brand","embeddable":true,"href":"https:\/\/unismartgroup.com\/fr\/wp-json\/wp\/v2\/product_brand?post=3924"},{"taxonomy":"product_cat","embeddable":true,"href":"https:\/\/unismartgroup.com\/fr\/wp-json\/wp\/v2\/product_cat?post=3924"},{"taxonomy":"product_tag","embeddable":true,"href":"https:\/\/unismartgroup.com\/fr\/wp-json\/wp\/v2\/product_tag?post=3924"}],"curies":[{"name":"wp","href":"https:\/\/api.w.org\/{rel}","templated":true}]}}