{"id":3982,"date":"2023-02-06T08:28:24","date_gmt":"2023-02-06T06:28:24","guid":{"rendered":"https:\/\/unismartgroup.com\/product\/miel-mariam\/"},"modified":"2023-02-06T08:28:24","modified_gmt":"2023-02-06T06:28:24","slug":"miel-mariam","status":"publish","type":"product","link":"https:\/\/unismartgroup.com\/fr\/produit\/miel-mariam\/","title":{"rendered":"Miel Mariam"},"content":{"rendered":"<p><span style=\"font-weight: 400;\">C&rsquo;est un produit 100% naturel.<\/span><\/p>\n<p><span style=\"font-weight: 400;\">Riche en ozone (oxyg\u00e8ne actif) et renforc\u00e9 en collag\u00e8ne.<\/span><\/p>\n<p><span style=\"font-weight: 400;\">Ce produit agit sur les points suivants :<\/span><\/p>\n<ol>\n<li style=\"font-weight: 400;\" aria-level=\"1\"><span style=\"font-weight: 400;\">L&rsquo;oxyg\u00e8ne actif dans le miel acc\u00e9l\u00e8re l&rsquo;absorption du produit par le corps, et le taux d&rsquo;absorption du corps atteint 90 % (sept fois le taux normal de la dose utilis\u00e9e).<\/span><\/li>\n<li style=\"font-weight: 400;\" aria-level=\"1\"><span style=\"font-weight: 400;\">La gel\u00e9e royale \u00e9galise le coefficient de d\u00e9molition au coefficient de construction \u00e0 l&rsquo;int\u00e9rieur du corps dans un rapport de <strong>1:1<\/strong>, ce qui arr\u00eate les manifestations progressives de l&rsquo;\u00e2ge chez les femmes, tout en stimulant toutes les fonctions vitales du corps.<\/span><\/li>\n<li style=\"font-weight: 400;\" aria-level=\"1\"><span style=\"font-weight: 400;\">Le miel des abeilles, riche en oxyg\u00e8ne actif, p\u00e9n\u00e8tre dans les cellules des nerfs p\u00e9riph\u00e9riques d\u00e9licats, tels que les cellules nourrissant les follicules pileux, la peau, les cils et les ongles, pour leur fournir l&rsquo;oxyg\u00e8ne et les prot\u00e9ines n\u00e9cessaires afin de fonctionner efficacement \u00e0 100 %, ind\u00e9pendamment de l&rsquo;\u00e9tendue du dommage qui leur a \u00e9t\u00e9 caus\u00e9. Le produit est \u00e9galement riche en phosphore pour reconstruire les os et en fer, n\u00e9cessaire \u00e0 l&rsquo;h\u00e9moglobine sanguine.<\/span><\/li>\n<li style=\"font-weight: 400;\" aria-level=\"1\"><span style=\"font-weight: 400;\">Le ginseng Panax active les reins, ce qui entra\u00eene un retour de la vitesse de la circulation sanguine au niveau de la jeunesse, ce qui se refl\u00e8te ainsi dans le nombre de prot\u00e9ines et d&rsquo;oxyg\u00e8ne nourrissant les nerfs d\u00e9licats \u00e0 l&rsquo;int\u00e9rieur du corps, ainsi que dans le sentiment d&rsquo;\u00e9nergie renouvel\u00e9e et d&rsquo;activit\u00e9 permanente.<\/span><\/li>\n<li style=\"font-weight: 400;\" aria-level=\"1\"><span style=\"font-weight: 400;\">Apr\u00e8s une absorption compl\u00e8te et optimale de la dose et sa repr\u00e9sentation \u00e0 l&rsquo;int\u00e9rieur du corps (une p\u00e9riode de deux \u00e0 trois heures), le corps commence \u00e0 s\u00e9cr\u00e9ter naturellement des hormones telles que la progest\u00e9rone, qui r\u00e9gule les hormones f\u00e9minines, l&rsquo;estrog\u00e8ne, qui est b\u00e9n\u00e9fique pour la peau et les cheveux, l&rsquo;asper et la nonalactone, qui sont b\u00e9n\u00e9fiques pour le foie, et le cortisol naturel, un analg\u00e9sique, ce qui finit par ramener les fonctions corporelles \u00e0 la normale. son image naturelle.<\/span><\/li>\n<li style=\"font-weight: 400;\" aria-level=\"1\"><span style=\"font-weight: 400;\">En ajoutant du collag\u00e8ne v\u00e9g\u00e9tal pur au produit, la valeur du produit pour contrer les effets du vieillissement et la faiblesse des fonctions vitales des femmes devient simplement une partie du pass\u00e9 qui n&rsquo;existe pas.<\/span><\/li>\n<li style=\"font-weight: 400;\" aria-level=\"1\"><span style=\"font-weight: 400;\">La plante ang\u00e9lique agit sur la s\u00e9cr\u00e9tion des hormones f\u00e9minines (astrobines) afin que le corps r\u00e9gule les r\u00e9cepteurs de cette herbe dans le corps.<\/span><\/li>\n<\/ol>\n<p><strong>Avantages du produit :<\/strong><\/p>\n<ul>\n<li style=\"list-style-type: none;\">\n<ul>\n<li style=\"font-weight: 400;\" aria-level=\"1\"><span style=\"font-weight: 400;\">Une source d&rsquo;\u00e9nergie imm\u00e9diate et augmente la vitalit\u00e9.<\/span><\/li>\n<li style=\"font-weight: 400;\" aria-level=\"1\"><span style=\"font-weight: 400;\">Am\u00e9liorer l&rsquo;apparence f\u00e9minine et construire des tissus super vibrants.<\/span><\/li>\n<li style=\"font-weight: 400;\" aria-level=\"1\"><span style=\"font-weight: 400;\">Pr\u00e9vient les rides de la peau dues au vieillissement et r\u00e9duit la sensibilit\u00e9 mammaire.<\/span><\/li>\n<li style=\"font-weight: 400;\" aria-level=\"1\"><span style=\"font-weight: 400;\">Il agit pour pr\u00e9venir la perte de cheveux et augmenter leur intensit\u00e9.<\/span><\/li>\n<li style=\"font-weight: 400;\" aria-level=\"1\"><span style=\"font-weight: 400;\">Pour une peau fra\u00eeche et naturelle, toujours renouvel\u00e9e.<\/span><\/li>\n<li style=\"font-weight: 400;\" aria-level=\"1\"><span style=\"font-weight: 400;\">Am\u00e9liorer les sympt\u00f4mes du SOPK (syndrome des ovaires polykystiques) et r\u00e9guler le cycle menstruel.<\/span><\/li>\n<li style=\"font-weight: 400;\" aria-level=\"1\"><span style=\"font-weight: 400;\">Il renforce la vue et redonne de la fra\u00eecheur \u00e0 la peau.<\/span><\/li>\n<li style=\"font-weight: 400;\" aria-level=\"1\"><span style=\"font-weight: 400;\">R\u00e9duire les effets du cycle menstruel et agir sur sa r\u00e9gularit\u00e9.<\/span><\/li>\n<li style=\"font-weight: 400;\" aria-level=\"1\"><span style=\"font-weight: 400;\">100% naturel et antioxydant efficace.<\/span><\/li>\n<li style=\"font-weight: 400;\" aria-level=\"1\"><span style=\"font-weight: 400;\">Pour des ongles naturels et des cils forts.<\/span><\/li>\n<li style=\"font-weight: 400;\" aria-level=\"1\"><span style=\"font-weight: 400;\">Utiles dans les cas de diab\u00e8te et de pression art\u00e9rielle.<\/span><\/li>\n<\/ul>\n<\/li>\n<\/ul>\n<p><strong>Poids net :<\/strong><br \/>\nLa bo\u00eete comprend 10 sachets de 17 grammes chacun.<\/p>\n","protected":false},"excerpt":{"rendered":"<p>C&rsquo;est un produit 100% naturel. Riche en ozone (oxyg\u00e8ne actif) et renforc\u00e9 en collag\u00e8ne. Ce produit agit sur les points suivants : L&rsquo;oxyg\u00e8ne actif dans le<span class=\"excerpt-hellip\"> [\u2026]<\/span><\/p>\n","protected":false},"featured_media":3983,"template":"","meta":{"_acf_changed":false},"product_brand":[],"product_cat":[54,79,62,61],"product_tag":[],"class_list":{"0":"post-3982","1":"product","2":"type-product","3":"status-publish","4":"has-post-thumbnail","6":"product_cat-femmes","7":"product_cat-produits-de-sante-pour-femmes","8":"product_cat-vitalite","9":"product_cat-tout","11":"first","12":"instock","13":"shipping-taxable","14":"purchasable","15":"product-type-simple"},"acf":[],"_links":{"self":[{"href":"https:\/\/unismartgroup.com\/fr\/wp-json\/wp\/v2\/product\/3982","targetHints":{"allow":["GET"]}}],"collection":[{"href":"https:\/\/unismartgroup.com\/fr\/wp-json\/wp\/v2\/product"}],"about":[{"href":"https:\/\/unismartgroup.com\/fr\/wp-json\/wp\/v2\/types\/product"}],"wp:featuredmedia":[{"embeddable":true,"href":"https:\/\/unismartgroup.com\/fr\/wp-json\/wp\/v2\/media\/3983"}],"wp:attachment":[{"href":"https:\/\/unismartgroup.com\/fr\/wp-json\/wp\/v2\/media?parent=3982"}],"wp:term":[{"taxonomy":"product_brand","embeddable":true,"href":"https:\/\/unismartgroup.com\/fr\/wp-json\/wp\/v2\/product_brand?post=3982"},{"taxonomy":"product_cat","embeddable":true,"href":"https:\/\/unismartgroup.com\/fr\/wp-json\/wp\/v2\/product_cat?post=3982"},{"taxonomy":"product_tag","embeddable":true,"href":"https:\/\/unismartgroup.com\/fr\/wp-json\/wp\/v2\/product_tag?post=3982"}],"curies":[{"name":"wp","href":"https:\/\/api.w.org\/{rel}","templated":true}]}}