{"id":4003,"date":"2022-12-27T10:38:54","date_gmt":"2022-12-27T10:38:54","guid":{"rendered":"https:\/\/unismartgroup.com\/product\/miel-vega-voota\/"},"modified":"2024-06-04T20:55:20","modified_gmt":"2024-06-04T17:55:20","slug":"miel-vega-voota","status":"publish","type":"product","link":"https:\/\/unismartgroup.com\/fr\/produit\/miel-vega-voota\/","title":{"rendered":"Miel Vega &#8211; Voota"},"content":{"rendered":"<h4>Miel Vega &#8211; Voota<\/h4>\n<ul>\n<li>Un antioxydant naturel et une source instantan\u00e9e d&rsquo;\u00e9nergie.<\/li>\n<li>Agissant pour lib\u00e9rer l&rsquo;oxyde nitrique dans les corps caverneux du p\u00e9nis, ce qui entra\u00eene la relaxation des muscles \u00e0 l&rsquo;int\u00e9rieur des corps caverneux du p\u00e9nis, favorisant ainsi une meilleure circulation sanguine vers le p\u00e9nis et maintenant une \u00e9rection.<\/li>\n<li>Il stimule la production de testost\u00e9rone, l&rsquo;hormone masculine, ce qui le rend utile pour augmenter la capacit\u00e9 sexuelle des hommes.<\/li>\n<li>R\u00e9duit l&rsquo;arthrite.<\/li>\n<li>Il agit pour abaisser le taux de cholest\u00e9rol dans le sang.<\/li>\n<li>Il contient des flavono\u00efdes qui prot\u00e8gent le corps du risque de dommages cellulaires.<\/li>\n<li>Parce qu&rsquo;il contient un pourcentage \u00e9lev\u00e9 de fer, il est utile dans les cas d&rsquo;an\u00e9mie s\u00e9v\u00e8re.<\/li>\n<li>Il ne fait pas monter la glyc\u00e9mie, ce qui le rend b\u00e9n\u00e9fique pour les diab\u00e9tiques.<\/li>\n<li>Il agit pour renforcer les veines dans le corps et augmenter le flux sanguin, ce qui le rend efficace en tant que stimulant sexuel.<\/li>\n<li>Il augmente les niveaux d&rsquo;hormones masculines.<\/li>\n<li>Il agit pour d\u00e9tendre les muscles cardiaques, ce qui aide \u00e0 augmenter le flux sanguin dans les veines.<\/li>\n<li>Il agit pour augmenter la vitalit\u00e9 et l&rsquo;activit\u00e9 du corps.<\/li>\n<li>Il agit pour r\u00e9duire l&rsquo;effet des triglyc\u00e9rides sur les veines et les art\u00e8res.<\/li>\n<li>Il agit pour augmenter le d\u00e9sir sexuel et stimuler la production de l&rsquo;hormone du d\u00e9sir (testost\u00e9rone).<\/li>\n<\/ul>\n<p><b>Comment l&rsquo;utiliser : <\/b><\/p>\n<p><span style=\"font-weight: 400;\">Un sachet par jour ou au besoin \u00e0 jeun avec un grand verre d&rsquo;eau.<\/span><\/p>\n<p><strong>Poids net :<\/strong><br \/>\nLa bo\u00eete contient 10 sachets de 18 grammes chacun.<\/p>\n","protected":false},"excerpt":{"rendered":"<p>Miel Vega &#8211; Voota Un antioxydant naturel et une source instantan\u00e9e d&rsquo;\u00e9nergie. Agissant pour lib\u00e9rer l&rsquo;oxyde nitrique dans les corps caverneux du p\u00e9nis, ce qui entra\u00eene<span class=\"excerpt-hellip\"> [\u2026]<\/span><\/p>\n","protected":false},"featured_media":9297,"template":"","meta":{"_acf_changed":false},"product_brand":[],"product_cat":[87,63,62,61],"product_tag":[],"class_list":{"0":"post-4003","1":"product","2":"type-product","3":"status-publish","4":"has-post-thumbnail","6":"product_cat-produits-de-sante-pour-hommes","7":"product_cat-hommes-35","8":"product_cat-vitalite","9":"product_cat-tout","11":"first","12":"instock","13":"shipping-taxable","14":"purchasable","15":"product-type-simple"},"acf":[],"_links":{"self":[{"href":"https:\/\/unismartgroup.com\/fr\/wp-json\/wp\/v2\/product\/4003","targetHints":{"allow":["GET"]}}],"collection":[{"href":"https:\/\/unismartgroup.com\/fr\/wp-json\/wp\/v2\/product"}],"about":[{"href":"https:\/\/unismartgroup.com\/fr\/wp-json\/wp\/v2\/types\/product"}],"wp:featuredmedia":[{"embeddable":true,"href":"https:\/\/unismartgroup.com\/fr\/wp-json\/wp\/v2\/media\/9297"}],"wp:attachment":[{"href":"https:\/\/unismartgroup.com\/fr\/wp-json\/wp\/v2\/media?parent=4003"}],"wp:term":[{"taxonomy":"product_brand","embeddable":true,"href":"https:\/\/unismartgroup.com\/fr\/wp-json\/wp\/v2\/product_brand?post=4003"},{"taxonomy":"product_cat","embeddable":true,"href":"https:\/\/unismartgroup.com\/fr\/wp-json\/wp\/v2\/product_cat?post=4003"},{"taxonomy":"product_tag","embeddable":true,"href":"https:\/\/unismartgroup.com\/fr\/wp-json\/wp\/v2\/product_tag?post=4003"}],"curies":[{"name":"wp","href":"https:\/\/api.w.org\/{rel}","templated":true}]}}